{"id":24,"date":"2020-12-06T03:18:21","date_gmt":"2020-12-06T02:18:21","guid":{"rendered":"http:\/\/crimteam.com\/?page_id=24"},"modified":"2023-01-19T20:52:35","modified_gmt":"2023-01-19T19:52:35","slug":"la-team","status":"publish","type":"page","link":"https:\/\/crimteam.com\/index.php\/la-team\/","title":{"rendered":"La Team"},"content":{"rendered":"\n<p>\u00c9quipe d\u2019\u00e9checs jouant uniquement sur EchecsEmail.com depuis 2004. Le site propose principalement du jeu par correspondance (diff\u00e9r\u00e9) et cr\u00e9\u00e9 par Karclop.<\/p>\n\n\n\n<p>Elle est compos\u00e9e de:<\/p>\n\n\n\n<p><span class=\"has-inline-color has-blue-color\">ZeuSueZ <sup>(fondateur et co-capitaine)<\/sup><\/span><\/p>\n\n\n\n<blockquote class=\"wp-block-quote\"><p>ZeuSueZ a jou\u00e9 en club jeune pendant plus de 10 ans, atteignant son meilleur classement \u00e0 19 ans avec 1870 elo. Plus int\u00e9ress\u00e9 par la boxe et l&rsquo;informatique par la suite, il d\u00e9laissa le jeu pendant longtemps jusqu&rsquo;\u00e0 2004 et la trouvaille EchecsEMail. <br>Cr\u00e9ateur de l&rsquo;\u00e9quipe, joueur de poker, troll de forum mais respectable informaticien, ZeuSueZ est class\u00e9 2100 elo<\/p><cite>Thierry lui-m\u00eame <em>\u00ab\u00a0<\/em><\/cite><\/blockquote>\n\n\n\n<p><span class=\"has-inline-color has-blue-color\">Pessoa <sup>(co-capitaine)<\/sup><\/span><\/p>\n\n\n\n<blockquote class=\"wp-block-quote\"><p>Pessoa a jou\u00e9 en club jeune pendant plus de 10 ans, atteignant son meilleur classement \u00e0 19 ans avec 1870 elo. Plus int\u00e9ress\u00e9 par la boxe et l&rsquo;informatique, il d\u00e9laissa le jeu pendant longtemps jusqu&rsquo;\u00e0 2004 et la trouvaille EchecsEMail. <br>Cr\u00e9ateur de l&rsquo;\u00e9quipe, joueur de poker, troll de forum mais respectable informaticien, Pessoa est class\u00e9 2100 elo.<\/p><cite>Alex lui-m\u00eame<\/cite><\/blockquote>\n\n\n\n<p><span class=\"has-inline-color has-blue-color\">Zincou75<\/span><\/p>\n\n\n\n<blockquote class=\"wp-block-quote\"><p>Zincou75 a jou\u00e9 en club jeune pendant plus de 10 ans, atteignant son meilleur classement \u00e0 19 ans avec 1870 elo. Plus int\u00e9ress\u00e9 par la boxe et l&rsquo;informatique, il d\u00e9laissa le jeu pendant longtemps jusqu&rsquo;\u00e0 2004 et la trouvaille EchecsEMail.<br>Cr\u00e9ateur de l&rsquo;\u00e9quipe, joueur de poker, troll de forum mais respectable informaticien, Zincou75 est class\u00e9 2100 elo.<\/p><cite>Eric lui-m\u00eame<\/cite><\/blockquote>\n\n\n\n<p><span class=\"has-inline-color has-blue-color\">Lechat<\/span><\/p>\n\n\n\n<blockquote class=\"wp-block-quote\"><p>LeChat a jou\u00e9 en club jeune pendant plus de 10 ans, atteignant son meilleur classement \u00e0 19 ans avec 1870 elo. Plus int\u00e9ress\u00e9 par la boxe et l&rsquo;informatique, il d\u00e9laissa le jeu pendant longtemps jusqu&rsquo;\u00e0 2004 et la trouvaille EchecsEMail<br>Cr\u00e9ateur de l&rsquo;\u00e9quipe, joueur de poker, troll de forum mais respectable informaticien, Lechat est class\u00e9 2100 elo.<\/p><cite>Le Chat lui-m\u00eame<\/cite><\/blockquote>\n\n\n\n<p><span class=\"has-inline-color has-blue-color\">Arb<\/span><\/p>\n\n\n\n<blockquote class=\"wp-block-quote\"><p>Arb a jou\u00e9 en club jeune pendant plus de 10 ans, atteignant son meilleur classement \u00e0 19 ans avec 1870 elo. Plus int\u00e9ress\u00e9 par la boxe et l&rsquo;informatique, il d\u00e9laissa le jeu pendant longtemps jusqu&rsquo;\u00e0 2004 et la trouvaille EchecsEMail<br>Cr\u00e9ateur de l&rsquo;\u00e9quipe, joueur de poker, troll de forum mais respectable informaticien, Arb est class\u00e9 2100 elo<\/p><cite>Alb\u00e9ric lui-m\u00eame<\/cite><\/blockquote>\n\n\n\n<p><span class=\"has-inline-color has-blue-color\">Agashak<\/span><\/p>\n\n\n\n<blockquote class=\"wp-block-quote\"><p>Agashak a jou\u00e9 en club jeune pendant plus de 10 ans, atteignant son meilleur classement \u00e0 19 ans avec 1870 elo. Plus int\u00e9ress\u00e9 par la boxe et l&rsquo;informatique, il d\u00e9laissa le jeu pendant longtemps jusqu&rsquo;\u00e0 2004 et la trouvaille EchecsEMail<br>Cr\u00e9ateur de l&rsquo;\u00e9quipe, joueur de poker, troll de forum mais respectable informaticien, Agashak est class\u00e9 2100 elo<\/p><cite>R\u00e9mi lui-m\u00eame<\/cite><\/blockquote>\n\n\n\n<p><span class=\"has-inline-color has-blue-color\">Kereon<\/span><\/p>\n\n\n\n<blockquote class=\"wp-block-quote\"><p>Kereon a jou\u00e9 en club jeune pendant plus de 10 ans, atteignant son meilleur classement \u00e0 19 ans avec 1870 elo. Plus int\u00e9ress\u00e9 par la boxe et l&rsquo;informatique, il d\u00e9laissa le jeu pendant longtemps jusqu&rsquo;\u00e0 2004 et la trouvaille EchecsEMail<br>Cr\u00e9ateur de l&rsquo;\u00e9quipe, joueur de poker, troll de forum mais respectable informaticien, Kereon est class\u00e9 2100 elo<\/p><cite>JL lui-m\u00eame<\/cite><\/blockquote>\n\n\n\n<p><span class=\"has-inline-color has-blue-color\">Vladtepes<\/span><\/p>\n\n\n\n<blockquote class=\"wp-block-quote\"><p>Vladtepes a jou\u00e9 en club jeune pendant plus de 10 ans, atteignant son meilleur classement \u00e0 19 ans avec 1870 elo. Plus int\u00e9ress\u00e9 par la boxe et l&rsquo;informatique, il d\u00e9laissa le jeu pendant longtemps jusqu&rsquo;\u00e0 2004 et la trouvaille EchecsEMail<br>Cr\u00e9ateur de l&rsquo;\u00e9quipe, joueur de poker, troll de forum mais respectable informaticien, Vladtepes est class\u00e9 2100 elo<\/p><cite>Vladimir lui-m\u00eame<\/cite><\/blockquote>\n\n\n\n<p><span class=\"has-inline-color has-blue-color\">Conde7<\/span><\/p>\n\n\n\n<blockquote class=\"wp-block-quote\"><p>Conde7 a jou\u00e9 en club jeune pendant plus de 10 ans, atteignant son meilleur classement \u00e0 19 ans avec 1870 elo. Plus int\u00e9ress\u00e9 par la boxe et l&rsquo;informatique, il d\u00e9laissa le jeu pendant longtemps jusqu&rsquo;\u00e0 2004 et la trouvaille EchecsEMail<br>Cr\u00e9ateur de l&rsquo;\u00e9quipe, joueur de poker, troll de forum mais respectable informaticien, Conde7 est class\u00e9 2100 elo<\/p><cite>Conde7 lui-m\u00eame<\/cite><\/blockquote>\n\n\n\n<p><span class=\"has-inline-color has-blue-color\">Morozevich<\/span><\/p>\n\n\n\n<blockquote class=\"wp-block-quote\"><p>Morozevich a jou\u00e9 en club jeune pendant plus de 10 ans, atteignant son meilleur classement \u00e0 19 ans avec 1870 elo. Plus int\u00e9ress\u00e9 par la boxe et l&rsquo;informatique, il d\u00e9laissa le jeu pendant longtemps jusqu&rsquo;\u00e0 2004 et la trouvaille EchecsEMail<br>Cr\u00e9ateur de l&rsquo;\u00e9quipe, joueur de poker, troll de forum mais respectable informaticien, Morozevich est class\u00e9 2100 elo<\/p><cite>Moro lui-m\u00eame<\/cite><\/blockquote>\n\n\n\n<p><span class=\"has-inline-color has-blue-color\">Eldiablo90<\/span><\/p>\n\n\n\n<blockquote class=\"wp-block-quote\"><p>El Diablo a jou\u00e9 en club jeune pendant plus de 10 ans, atteignant son meilleur classement \u00e0 19 ans avec 1870 elo. Plus int\u00e9ress\u00e9 par la boxe et l&rsquo;informatique, il d\u00e9laissa le jeu pendant longtemps jusqu&rsquo;\u00e0 2004 et la trouvaille EchecsEMail<br>Cr\u00e9ateur de l&rsquo;\u00e9quipe, joueur de poker, troll de forum mais respectable informaticien, ElDiablo est class\u00e9 2100 elo<\/p><cite>Julien lui-m\u00eame<\/cite><\/blockquote>\n\n\n\n<p>&#8212;&#8212;&#8212;&#8212;&#8212;&#8212;&#8212;&#8212;&#8212;&#8212;<\/p>\n\n\n\n<p>&#8212;&#8212;&#8212;&#8212;&#8212;&#8212;&#8211;<\/p>\n\n\n\n<p>&#8212;&#8212;&#8212;&#8212;&#8212;&#8212;&#8212;&#8212;&#8212;&#8211;<\/p>\n\n\n\n<p><\/p>\n\n\n\n<p>Et merci \u00e0 tous les anciens membres qui ont fait les grandes heures de La Crim&rsquo;Team, le Padre se souviendra de vous \ud83d\ude09<\/p>\n\n\n\n<div class=\"wp-block-group\"><div class=\"wp-block-group__inner-container\">\n<p><br>Theking (Jean toulonnais) a quitt\u00e9 l&rsquo;\u00e9quipe il y a fort fort lointain&#8230;<br>Undertaker (env: 2400 elo) a quitt\u00e9 l&rsquo;\u00e9quipe il y a fort fort lointain\u2026<br>Laurentboss (env: 2500 elo) a quitt\u00e9 l&rsquo;\u00e9quipe il y a fort fort lointain\u2026<br>Asthierrix (env: 1520) a quitt\u00e9 le site et l&rsquo;\u00e9quipe en avril 2004<br>Nito (env: 2190) a quitt\u00e9 le site et l&rsquo;\u00e9quipe en janvier 2006<br>Arnacman (env: 2600) a quitt\u00e9 le site et l&rsquo;\u00e9quipe en juillet 2006<br>chopichopi (env: 2250) a quitt\u00e9 le site et l&rsquo;\u00e9quipe en avril 2006<br>Feensnach (env: 1930) a quitt\u00e9 le site et l&rsquo;\u00e9quipe en juin 2007<br>Doidefe (env: 1960) a quitt\u00e9 le site et l&rsquo;\u00e9quipe en aout 2007<br>sylvain57 (env: 2560) a quitt\u00e9 le site et l&rsquo;\u00e9quipe en septembre 2007<br>Auna1 (env: 2420) a quitt\u00e9 le site et l&rsquo;\u00e9quipe en juin 2010<br>Silva (env: 2290) a quitt\u00e9 le site et l&rsquo;\u00e9quipe en aout 2010<br>Okneron (env: 2450) a quitt\u00e9 le site et l&rsquo;\u00e9quipe en septembre 2011<br>Idfx (env: 2220 elo) a quitt\u00e9 le site et l&rsquo;\u00e9quipe en 2013<br>Serge26 (env. 2500 elo) a quitt\u00e9 le site et l&rsquo;\u00e9quipe en 2015<br>Jvv (env: 2700) a quitt\u00e9 le site et l&rsquo;\u00e9quipe en janvier 2019<br>Pournelle (env: 2700 elo) a quitt\u00e9 l&rsquo;\u00e9quipe !<br>Mekal (env: 2000 elo) a quitt\u00e9 le site et l&rsquo;\u00e9quipe en juillet 2020<\/p>\n<\/div><\/div>\n","protected":false},"excerpt":{"rendered":"<p>\u00c9quipe d\u2019\u00e9checs jouant uniquement sur EchecsEmail.com depuis 2004. Le site propose principalement du jeu par correspondance (diff\u00e9r\u00e9) et cr\u00e9\u00e9 par Karclop. Elle est compos\u00e9e de: ZeuSueZ (fondateur et co-capitaine) ZeuSueZ a jou\u00e9 en club jeune pendant plus de 10 ans, &hellip; <a href=\"https:\/\/crimteam.com\/index.php\/la-team\/\">Continuer la lecture <span class=\"meta-nav\">&rarr;<\/span><\/a><\/p>\n","protected":false},"author":1,"featured_media":0,"parent":0,"menu_order":0,"comment_status":"open","ping_status":"closed","template":"","meta":[],"_links":{"self":[{"href":"https:\/\/crimteam.com\/index.php\/wp-json\/wp\/v2\/pages\/24"}],"collection":[{"href":"https:\/\/crimteam.com\/index.php\/wp-json\/wp\/v2\/pages"}],"about":[{"href":"https:\/\/crimteam.com\/index.php\/wp-json\/wp\/v2\/types\/page"}],"author":[{"embeddable":true,"href":"https:\/\/crimteam.com\/index.php\/wp-json\/wp\/v2\/users\/1"}],"replies":[{"embeddable":true,"href":"https:\/\/crimteam.com\/index.php\/wp-json\/wp\/v2\/comments?post=24"}],"version-history":[{"count":37,"href":"https:\/\/crimteam.com\/index.php\/wp-json\/wp\/v2\/pages\/24\/revisions"}],"predecessor-version":[{"id":192,"href":"https:\/\/crimteam.com\/index.php\/wp-json\/wp\/v2\/pages\/24\/revisions\/192"}],"wp:attachment":[{"href":"https:\/\/crimteam.com\/index.php\/wp-json\/wp\/v2\/media?parent=24"}],"curies":[{"name":"wp","href":"https:\/\/api.w.org\/{rel}","templated":true}]}}